{"id":3702,"date":"2026-02-13T17:50:52","date_gmt":"2026-02-13T16:50:52","guid":{"rendered":"https:\/\/www.transgardon.fr\/WP\/?page_id=3702"},"modified":"2026-02-13T18:24:26","modified_gmt":"2026-02-13T17:24:26","slug":"infos-pratiques-2026","status":"publish","type":"page","link":"https:\/\/www.transgardon.fr\/WP\/infos-pratiques-2026\/","title":{"rendered":"Infos pratiques"},"content":{"rendered":"\t\t<div data-elementor-type=\"wp-page\" data-elementor-id=\"3702\" class=\"elementor elementor-3702\">\n\t\t\t\t\t\t<div class=\"elementor-inner\">\n\t\t\t\t<div class=\"elementor-section-wrap\">\n\t\t\t\t\t\t\t\t\t<section class=\"elementor-section elementor-top-section elementor-element elementor-element-423866e elementor-section-boxed elementor-section-height-default elementor-section-height-default\" data-id=\"423866e\" data-element_type=\"section\" data-settings=\"{&quot;jet_parallax_layout_list&quot;:[]}\">\n\t\t\t\t\t\t<div class=\"elementor-container elementor-column-gap-default\">\n\t\t\t\t\t\t\t<div class=\"elementor-row\">\n\t\t\t\t\t<div class=\"elementor-column elementor-col-100 elementor-top-column elementor-element elementor-element-122bd7c\" data-id=\"122bd7c\" data-element_type=\"column\">\n\t\t\t<div class=\"elementor-column-wrap elementor-element-populated\">\n\t\t\t\t\t\t\t<div class=\"elementor-widget-wrap\">\n\t\t\t\t\t\t<div class=\"elementor-element elementor-element-c4598c8 elementor-widget elementor-widget-heading\" data-id=\"c4598c8\" data-element_type=\"widget\" data-widget_type=\"heading.default\">\n\t\t\t\t<div class=\"elementor-widget-container\">\n\t\t\t<h2 class=\"elementor-heading-title elementor-size-default\">O\u00f9 se cachent les Chambres d'h\u00f4tes de Transgardon en C\u00e9vennes ?<\/h2>\t\t<\/div>\n\t\t\t\t<\/div>\n\t\t\t\t<div class=\"elementor-element elementor-element-9a546ab elementor-widget elementor-widget-spacer\" data-id=\"9a546ab\" data-element_type=\"widget\" data-widget_type=\"spacer.default\">\n\t\t\t\t<div class=\"elementor-widget-container\">\n\t\t\t\t\t<div class=\"elementor-spacer\">\n\t\t\t<div class=\"elementor-spacer-inner\"><\/div>\n\t\t<\/div>\n\t\t\t\t<\/div>\n\t\t\t\t<\/div>\n\t\t\t\t\t\t<\/div>\n\t\t\t\t\t<\/div>\n\t\t<\/div>\n\t\t\t\t\t\t\t\t<\/div>\n\t\t\t\t\t<\/div>\n\t\t<\/section>\n\t\t\t\t<section class=\"elementor-section elementor-top-section elementor-element elementor-element-313045c elementor-section-boxed elementor-section-height-default elementor-section-height-default\" data-id=\"313045c\" data-element_type=\"section\" data-settings=\"{&quot;jet_parallax_layout_list&quot;:[]}\">\n\t\t\t\t\t\t<div class=\"elementor-container elementor-column-gap-default\">\n\t\t\t\t\t\t\t<div class=\"elementor-row\">\n\t\t\t\t\t<div class=\"elementor-column elementor-col-50 elementor-top-column elementor-element elementor-element-e91198b\" data-id=\"e91198b\" data-element_type=\"column\">\n\t\t\t<div class=\"elementor-column-wrap elementor-element-populated\">\n\t\t\t\t\t\t\t<div class=\"elementor-widget-wrap\">\n\t\t\t\t\t\t<div class=\"elementor-element elementor-element-654ec9f elementor-widget elementor-widget-html\" data-id=\"654ec9f\" data-element_type=\"widget\" data-widget_type=\"html.default\">\n\t\t\t\t<div class=\"elementor-widget-container\">\n\t\t\t<iframe loading=\"lazy\" src=\"https:\/\/www.google.com\/maps\/d\/u\/0\/embed?mid=1j49yNjqy1TgsE3BTDjjdlYMqLF2RFlU&ehbc=2E312F\" width=\"640\" height=\"480\"><\/iframe>\t\t<\/div>\n\t\t\t\t<\/div>\n\t\t\t\t\t\t<\/div>\n\t\t\t\t\t<\/div>\n\t\t<\/div>\n\t\t\t\t<div class=\"elementor-column elementor-col-50 elementor-top-column elementor-element elementor-element-3d0ef4a\" data-id=\"3d0ef4a\" data-element_type=\"column\">\n\t\t\t<div class=\"elementor-column-wrap elementor-element-populated\">\n\t\t\t\t\t\t\t<div class=\"elementor-widget-wrap\">\n\t\t\t\t\t\t<div class=\"elementor-element elementor-element-403b788 elementor-widget elementor-widget-image\" data-id=\"403b788\" data-element_type=\"widget\" data-widget_type=\"image.default\">\n\t\t\t\t<div class=\"elementor-widget-container\">\n\t\t\t\t\t\t\t\t<div class=\"elementor-image\">\n\t\t\t\t\t\t\t\t\t\t\t\t<img loading=\"lazy\" decoding=\"async\" width=\"230\" height=\"230\" src=\"https:\/\/www.transgardon.fr\/WP\/wp-content\/uploads\/2024\/02\/ChHaute1_600x450-230x230.jpg\" class=\"attachment-kava-thumb-s-2 size-kava-thumb-s-2 wp-image-1639\" alt=\"\" srcset=\"https:\/\/www.transgardon.fr\/WP\/wp-content\/uploads\/2024\/02\/ChHaute1_600x450-230x230.jpg 230w, https:\/\/www.transgardon.fr\/WP\/wp-content\/uploads\/2024\/02\/ChHaute1_600x450-150x150.jpg 150w, https:\/\/www.transgardon.fr\/WP\/wp-content\/uploads\/2024\/02\/ChHaute1_600x450-400x400.jpg 400w\" sizes=\"auto, (max-width: 230px) 100vw, 230px\" \/>\t\t\t\t\t\t\t\t\t\t\t\t\t\t<\/div>\n\t\t\t\t\t\t<\/div>\n\t\t\t\t<\/div>\n\t\t\t\t<div class=\"elementor-element elementor-element-3cbe082 elementor-widget elementor-widget-image\" data-id=\"3cbe082\" data-element_type=\"widget\" data-widget_type=\"image.default\">\n\t\t\t\t<div class=\"elementor-widget-container\">\n\t\t\t\t\t\t\t\t<div class=\"elementor-image\">\n\t\t\t\t\t\t\t\t\t\t\t\t<img loading=\"lazy\" decoding=\"async\" width=\"230\" height=\"230\" src=\"https:\/\/www.transgardon.fr\/WP\/wp-content\/uploads\/2024\/01\/PF0-Ch_Guetali-230x230.jpg\" class=\"attachment-kava-thumb-s-2 size-kava-thumb-s-2 wp-image-1416\" alt=\"\" srcset=\"https:\/\/www.transgardon.fr\/WP\/wp-content\/uploads\/2024\/01\/PF0-Ch_Guetali-230x230.jpg 230w, https:\/\/www.transgardon.fr\/WP\/wp-content\/uploads\/2024\/01\/PF0-Ch_Guetali-150x150.jpg 150w, https:\/\/www.transgardon.fr\/WP\/wp-content\/uploads\/2024\/01\/PF0-Ch_Guetali-400x400.jpg 400w\" sizes=\"auto, (max-width: 230px) 100vw, 230px\" \/>\t\t\t\t\t\t\t\t\t\t\t\t\t\t<\/div>\n\t\t\t\t\t\t<\/div>\n\t\t\t\t<\/div>\n\t\t\t\t<div class=\"elementor-element elementor-element-8c5d926 elementor-widget elementor-widget-image\" data-id=\"8c5d926\" data-element_type=\"widget\" data-widget_type=\"image.default\">\n\t\t\t\t<div class=\"elementor-widget-container\">\n\t\t\t\t\t\t\t\t<div class=\"elementor-image\">\n\t\t\t\t\t\t\t\t\t\t\t\t<img loading=\"lazy\" decoding=\"async\" width=\"230\" height=\"230\" src=\"https:\/\/www.transgardon.fr\/WP\/wp-content\/uploads\/2024\/01\/PF1-Ch_Voutee-230x230.jpg\" class=\"attachment-kava-thumb-s-2 size-kava-thumb-s-2 wp-image-1359\" alt=\"\" srcset=\"https:\/\/www.transgardon.fr\/WP\/wp-content\/uploads\/2024\/01\/PF1-Ch_Voutee-230x230.jpg 230w, https:\/\/www.transgardon.fr\/WP\/wp-content\/uploads\/2024\/01\/PF1-Ch_Voutee-150x150.jpg 150w, https:\/\/www.transgardon.fr\/WP\/wp-content\/uploads\/2024\/01\/PF1-Ch_Voutee-400x400.jpg 400w\" sizes=\"auto, (max-width: 230px) 100vw, 230px\" \/>\t\t\t\t\t\t\t\t\t\t\t\t\t\t<\/div>\n\t\t\t\t\t\t<\/div>\n\t\t\t\t<\/div>\n\t\t\t\t\t\t<\/div>\n\t\t\t\t\t<\/div>\n\t\t<\/div>\n\t\t\t\t\t\t\t\t<\/div>\n\t\t\t\t\t<\/div>\n\t\t<\/section>\n\t\t\t\t<section class=\"elementor-section elementor-top-section elementor-element elementor-element-24c03f6 elementor-section-boxed elementor-section-height-default elementor-section-height-default\" data-id=\"24c03f6\" data-element_type=\"section\" data-settings=\"{&quot;jet_parallax_layout_list&quot;:[]}\">\n\t\t\t\t\t\t<div class=\"elementor-container elementor-column-gap-default\">\n\t\t\t\t\t\t\t<div class=\"elementor-row\">\n\t\t\t\t\t<div class=\"elementor-column elementor-col-100 elementor-top-column elementor-element elementor-element-2703671\" data-id=\"2703671\" data-element_type=\"column\">\n\t\t\t<div class=\"elementor-column-wrap elementor-element-populated\">\n\t\t\t\t\t\t\t<div class=\"elementor-widget-wrap\">\n\t\t\t\t\t\t<div class=\"elementor-element elementor-element-396d182 elementor-widget elementor-widget-spacer\" data-id=\"396d182\" data-element_type=\"widget\" data-widget_type=\"spacer.default\">\n\t\t\t\t<div class=\"elementor-widget-container\">\n\t\t\t\t\t<div class=\"elementor-spacer\">\n\t\t\t<div class=\"elementor-spacer-inner\"><\/div>\n\t\t<\/div>\n\t\t\t\t<\/div>\n\t\t\t\t<\/div>\n\t\t\t\t<div class=\"elementor-element elementor-element-e32f87a elementor-widget elementor-widget-heading\" data-id=\"e32f87a\" data-element_type=\"widget\" data-widget_type=\"heading.default\">\n\t\t\t\t<div class=\"elementor-widget-container\">\n\t\t\t<h2 class=\"elementor-heading-title elementor-size-default\">Transgardon se trouve sur le versant m\u00e9ridional des C\u00e9vennes, entre Al\u00e8s et Florac<\/h2>\t\t<\/div>\n\t\t\t\t<\/div>\n\t\t\t\t<div class=\"elementor-element elementor-element-e66cbb1 elementor-widget elementor-widget-text-editor\" data-id=\"e66cbb1\" data-element_type=\"widget\" data-widget_type=\"text-editor.default\">\n\t\t\t\t<div class=\"elementor-widget-container\">\n\t\t\t\t\t\t\t\t<div class=\"elementor-text-editor elementor-clearfix\">\n\t\t\t\t<p><b>\u2192<\/b> Acc\u00e8s autoroutier : A9 vers le Sud, sortie \u00ab\u00a0N\u00eemes Ouest\u00a0\u00bb<\/p><p><b>\u2192<\/b> En venant de Florac par la N 106 (30km) : entr\u00e9e du chemin \u00e0 droite 2km apr\u00e8s le panneau Saint-Privat de Vallongue<\/p><p><b>\u2192<\/b> En venant d&rsquo;Al\u00e8s par la N 106 (40km) : entr\u00e9e du chemin \u00e0 gauche 3km apr\u00e8s l&rsquo;intersection de Saint-Hilaire de Lavit<\/p>\t\t\t\t\t<\/div>\n\t\t\t\t\t\t<\/div>\n\t\t\t\t<\/div>\n\t\t\t\t<div class=\"elementor-element elementor-element-7990b53 elementor-widget elementor-widget-spacer\" data-id=\"7990b53\" data-element_type=\"widget\" data-widget_type=\"spacer.default\">\n\t\t\t\t<div class=\"elementor-widget-container\">\n\t\t\t\t\t<div class=\"elementor-spacer\">\n\t\t\t<div class=\"elementor-spacer-inner\"><\/div>\n\t\t<\/div>\n\t\t\t\t<\/div>\n\t\t\t\t<\/div>\n\t\t\t\t<div class=\"elementor-element elementor-element-60e2e04 elementor-hidden-desktop elementor-hidden-tablet elementor-widget elementor-widget-heading\" data-id=\"60e2e04\" data-element_type=\"widget\" data-widget_type=\"heading.default\">\n\t\t\t\t<div class=\"elementor-widget-container\">\n\t\t\t<h2 class=\"elementor-heading-title elementor-size-default\">Quelques rep\u00e8res :<\/h2>\t\t<\/div>\n\t\t\t\t<\/div>\n\t\t\t\t\t\t<\/div>\n\t\t\t\t\t<\/div>\n\t\t<\/div>\n\t\t\t\t\t\t\t\t<\/div>\n\t\t\t\t\t<\/div>\n\t\t<\/section>\n\t\t\t\t<section class=\"elementor-section elementor-top-section elementor-element elementor-element-f07fffc elementor-section-height-min-height elementor-section-boxed elementor-section-height-default elementor-section-items-middle\" data-id=\"f07fffc\" data-element_type=\"section\" data-settings=\"{&quot;jet_parallax_layout_list&quot;:[]}\">\n\t\t\t\t\t\t<div class=\"elementor-container elementor-column-gap-default\">\n\t\t\t\t\t\t\t<div class=\"elementor-row\">\n\t\t\t\t\t<div class=\"elementor-column elementor-col-33 elementor-top-column elementor-element elementor-element-d03f7f6\" data-id=\"d03f7f6\" data-element_type=\"column\">\n\t\t\t<div class=\"elementor-column-wrap elementor-element-populated\">\n\t\t\t\t\t\t\t<div class=\"elementor-widget-wrap\">\n\t\t\t\t\t\t<div class=\"elementor-element elementor-element-05b0af0 elementor-widget elementor-widget-image\" data-id=\"05b0af0\" data-element_type=\"widget\" data-widget_type=\"image.default\">\n\t\t\t\t<div class=\"elementor-widget-container\">\n\t\t\t\t\t\t\t\t<div class=\"elementor-image\">\n\t\t\t\t\t\t\t\t\t\t\t\t<img loading=\"lazy\" decoding=\"async\" width=\"240\" height=\"400\" src=\"https:\/\/www.transgardon.fr\/WP\/wp-content\/uploads\/2026\/02\/Chemin-de-Transgardon.jpg\" class=\"attachment-large size-large wp-image-3703\" alt=\"Chemin de Transgardon\" srcset=\"https:\/\/www.transgardon.fr\/WP\/wp-content\/uploads\/2026\/02\/Chemin-de-Transgardon.jpg 240w, https:\/\/www.transgardon.fr\/WP\/wp-content\/uploads\/2026\/02\/Chemin-de-Transgardon-180x300.jpg 180w\" sizes=\"auto, (max-width: 240px) 100vw, 240px\" \/>\t\t\t\t\t\t\t\t\t\t\t\t\t\t<\/div>\n\t\t\t\t\t\t<\/div>\n\t\t\t\t<\/div>\n\t\t\t\t\t\t<\/div>\n\t\t\t\t\t<\/div>\n\t\t<\/div>\n\t\t\t\t<div class=\"elementor-column elementor-col-33 elementor-top-column elementor-element elementor-element-e7a977c\" data-id=\"e7a977c\" data-element_type=\"column\">\n\t\t\t<div class=\"elementor-column-wrap elementor-element-populated\">\n\t\t\t\t\t\t\t<div class=\"elementor-widget-wrap\">\n\t\t\t\t\t\t<div class=\"elementor-element elementor-element-bb8bf8e elementor-widget elementor-widget-text-editor\" data-id=\"bb8bf8e\" data-element_type=\"widget\" data-widget_type=\"text-editor.default\">\n\t\t\t\t<div class=\"elementor-widget-container\">\n\t\t\t\t\t\t\t\t<div class=\"elementor-text-editor elementor-clearfix\">\n\t\t\t\t<p><b>Coordonn\u00e9es GPS de Transgardon (d&rsquo;apr\u00e8s g\u00e9oportail)<\/b> L&rsquo;entr\u00e9e du chemin sur la N 106 : Longitude Est 03\u00b0 51&prime; 11&Prime; (ou 3,852532) Latitude Nord 44\u00b0 16&prime; 17&Prime; (ou 44,271363) Le hameau : Longitude Est 03\u00b0 51&prime; 26&Prime; (ou 3,857237) Latitude Nord 44\u00b0 16&prime; 05&Prime; (ou 44,268053) <i>Mais certains GPS se trompent et indiquent l&rsquo;autre versant de la vall\u00e9e&#8230; Alors voici quelques rep\u00e8res :<\/i><\/p>\t\t\t\t\t<\/div>\n\t\t\t\t\t\t<\/div>\n\t\t\t\t<\/div>\n\t\t\t\t<div class=\"elementor-element elementor-element-81faf03 elementor-widget elementor-widget-text-editor\" data-id=\"81faf03\" data-element_type=\"widget\" data-widget_type=\"text-editor.default\">\n\t\t\t\t<div class=\"elementor-widget-container\">\n\t\t\t\t\t\t\t\t<div class=\"elementor-text-editor elementor-clearfix\">\n\t\t\t\t<p><strong>Pour trouver l&rsquo;entr\u00e9e du chemin<\/strong>, sur la RN 106, rep\u00e9rez d&rsquo;abord le parking avec la bo\u00eete aux lettres \u00e0 l&rsquo;enseigne de Transgardon. Puis le panneau d&rsquo;entr\u00e9e du chemin, situ\u00e9 25 m\u00e8tres plus bas, dans le virage.<\/p><p>Si vous arrivez de Florac vous pouvez tourner directement dans le chemin situ\u00e9e sur votre droite.<\/p><p>Si vous arrivez d&rsquo;Al\u00e8s faites demi-tour sur le parking,\u00a0 juste apr\u00e8s la bo\u00eete aux lettres, pour ne pas couper la RN106 en plein virage ; et revenez sur vos pas.<\/p>\t\t\t\t\t<\/div>\n\t\t\t\t\t\t<\/div>\n\t\t\t\t<\/div>\n\t\t\t\t\t\t<\/div>\n\t\t\t\t\t<\/div>\n\t\t<\/div>\n\t\t\t\t<div class=\"elementor-column elementor-col-33 elementor-top-column elementor-element elementor-element-13d311d\" data-id=\"13d311d\" data-element_type=\"column\">\n\t\t\t<div class=\"elementor-column-wrap elementor-element-populated\">\n\t\t\t\t\t\t\t<div class=\"elementor-widget-wrap\">\n\t\t\t\t\t\t<div class=\"elementor-element elementor-element-f12b5f8 elementor-widget elementor-widget-image\" data-id=\"f12b5f8\" data-element_type=\"widget\" data-widget_type=\"image.default\">\n\t\t\t\t<div class=\"elementor-widget-container\">\n\t\t\t\t\t\t\t\t<div class=\"elementor-image\">\n\t\t\t\t\t\t\t\t\t\t\t\t<img loading=\"lazy\" decoding=\"async\" width=\"240\" height=\"400\" src=\"https:\/\/www.transgardon.fr\/WP\/wp-content\/uploads\/2024\/02\/boite_a_lettres.jpg\" class=\"attachment-large size-large wp-image-1647\" alt=\"\" srcset=\"https:\/\/www.transgardon.fr\/WP\/wp-content\/uploads\/2024\/02\/boite_a_lettres.jpg 240w, https:\/\/www.transgardon.fr\/WP\/wp-content\/uploads\/2024\/02\/boite_a_lettres-180x300.jpg 180w\" sizes=\"auto, (max-width: 240px) 100vw, 240px\" \/>\t\t\t\t\t\t\t\t\t\t\t\t\t\t<\/div>\n\t\t\t\t\t\t<\/div>\n\t\t\t\t<\/div>\n\t\t\t\t\t\t<\/div>\n\t\t\t\t\t<\/div>\n\t\t<\/div>\n\t\t\t\t\t\t\t\t<\/div>\n\t\t\t\t\t<\/div>\n\t\t<\/section>\n\t\t\t\t<section class=\"elementor-section elementor-top-section elementor-element elementor-element-9eb9f3f elementor-section-boxed elementor-section-height-default elementor-section-height-default\" data-id=\"9eb9f3f\" data-element_type=\"section\" data-settings=\"{&quot;jet_parallax_layout_list&quot;:[]}\">\n\t\t\t\t\t\t<div class=\"elementor-container elementor-column-gap-default\">\n\t\t\t\t\t\t\t<div class=\"elementor-row\">\n\t\t\t\t\t<div class=\"elementor-column elementor-col-100 elementor-top-column elementor-element elementor-element-196d522\" data-id=\"196d522\" data-element_type=\"column\">\n\t\t\t<div class=\"elementor-column-wrap elementor-element-populated\">\n\t\t\t\t\t\t\t<div class=\"elementor-widget-wrap\">\n\t\t\t\t\t\t<div class=\"elementor-element elementor-element-e11bf10 elementor-widget elementor-widget-text-editor\" data-id=\"e11bf10\" data-element_type=\"widget\" data-widget_type=\"text-editor.default\">\n\t\t\t\t<div class=\"elementor-widget-container\">\n\t\t\t\t\t\t\t\t<div class=\"elementor-text-editor elementor-clearfix\">\n\t\t\t\t<p>Le chemin de schiste de 1km qui dessert le\u00a0hameau est plein de charme, mais sans doute un peu surprenant si vous venez pour la premi\u00e8re fois en C\u00e9vennes. Il est cependant praticable pour la majorit\u00e9 des v\u00e9hicules (\u00e0 l&rsquo;exception des voitures de sport et\/ou de collection ayant une garde au sol inf\u00e9rieure \u00e0 10cm, et pour les motards non aguerris).<\/p>\t\t\t\t\t<\/div>\n\t\t\t\t\t\t<\/div>\n\t\t\t\t<\/div>\n\t\t\t\t<div class=\"elementor-element elementor-element-312ca07 elementor-widget elementor-widget-spacer\" data-id=\"312ca07\" data-element_type=\"widget\" data-widget_type=\"spacer.default\">\n\t\t\t\t<div class=\"elementor-widget-container\">\n\t\t\t\t\t<div class=\"elementor-spacer\">\n\t\t\t<div class=\"elementor-spacer-inner\"><\/div>\n\t\t<\/div>\n\t\t\t\t<\/div>\n\t\t\t\t<\/div>\n\t\t\t\t\t\t<\/div>\n\t\t\t\t\t<\/div>\n\t\t<\/div>\n\t\t\t\t\t\t\t\t<\/div>\n\t\t\t\t\t<\/div>\n\t\t<\/section>\n\t\t\t\t<section class=\"elementor-section elementor-top-section elementor-element elementor-element-8aaf4c6 elementor-section-boxed elementor-section-height-default elementor-section-height-default\" data-id=\"8aaf4c6\" data-element_type=\"section\" data-settings=\"{&quot;jet_parallax_layout_list&quot;:[]}\">\n\t\t\t\t\t\t<div class=\"elementor-container elementor-column-gap-default\">\n\t\t\t\t\t\t\t<div class=\"elementor-row\">\n\t\t\t\t\t<div class=\"elementor-column elementor-col-100 elementor-top-column elementor-element elementor-element-f55a329\" data-id=\"f55a329\" data-element_type=\"column\">\n\t\t\t<div class=\"elementor-column-wrap elementor-element-populated\">\n\t\t\t\t\t\t\t<div class=\"elementor-widget-wrap\">\n\t\t\t\t\t\t<div class=\"elementor-element elementor-element-506d5ac elementor-widget elementor-widget-heading\" data-id=\"506d5ac\" data-element_type=\"widget\" data-widget_type=\"heading.default\">\n\t\t\t\t<div class=\"elementor-widget-container\">\n\t\t\t<h2 class=\"elementor-heading-title elementor-size-default\">H\u00e9bergement et restauration <\/h2>\t\t<\/div>\n\t\t\t\t<\/div>\n\t\t\t\t<div class=\"elementor-element elementor-element-8c34e47 elementor-widget elementor-widget-text-editor\" data-id=\"8c34e47\" data-element_type=\"widget\" data-widget_type=\"text-editor.default\">\n\t\t\t\t<div class=\"elementor-widget-container\">\n\t\t\t\t\t\t\t\t<div class=\"elementor-text-editor elementor-clearfix\">\n\t\t\t\t<p><b>H\u00e9bergement : <\/b> Nous attachons beaucoup d&rsquo;importance \u00e0 pr\u00e9server la s\u00e9r\u00e9nit\u00e9 de notre environnement naturel. Nos chambres d&rsquo;h\u00f4tes, situ\u00e9es dans un vieux mas c\u00e9venol, ont \u00e9t\u00e9 con\u00e7ues pour vous apporter un maximum de confort. Cependant elles ne sont adapt\u00e9es aux enfants, et nous sommes au regret de ne pouvoir les recevoir ; afin de garantir la qui\u00e9tude de nos h\u00f4tes.<\/p>\t\t\t\t\t<\/div>\n\t\t\t\t\t\t<\/div>\n\t\t\t\t<\/div>\n\t\t\t\t<div class=\"elementor-element elementor-element-7cc8ae4 elementor-widget elementor-widget-text-editor\" data-id=\"7cc8ae4\" data-element_type=\"widget\" data-widget_type=\"text-editor.default\">\n\t\t\t\t<div class=\"elementor-widget-container\">\n\t\t\t\t\t\t\t\t<div class=\"elementor-text-editor elementor-clearfix\">\n\t\t\t\t<p><b>Restauration : <\/b>Un copieux petit d\u00e9jeuner est compris dans la prestation. Pour le d\u00e9jeuner et le d\u00eener nous invitons nos h\u00f4tes \u00e0 se tourner vers les restaurants des environs qui proposent des prestations de qualit\u00e9. A noter qu&rsquo;en C\u00e9vennes il est souvent pr\u00e9f\u00e9rable de r\u00e9server sa table par avance ; les plages horaires d&rsquo;ouverture des restaurants sont beaucoup plus r\u00e9duites qu&rsquo;en zones urbaines.<\/p>\t\t\t\t\t<\/div>\n\t\t\t\t\t\t<\/div>\n\t\t\t\t<\/div>\n\t\t\t\t<div class=\"elementor-element elementor-element-0f10a94 elementor-widget elementor-widget-spacer\" data-id=\"0f10a94\" data-element_type=\"widget\" data-widget_type=\"spacer.default\">\n\t\t\t\t<div class=\"elementor-widget-container\">\n\t\t\t\t\t<div class=\"elementor-spacer\">\n\t\t\t<div class=\"elementor-spacer-inner\"><\/div>\n\t\t<\/div>\n\t\t\t\t<\/div>\n\t\t\t\t<\/div>\n\t\t\t\t\t\t<\/div>\n\t\t\t\t\t<\/div>\n\t\t<\/div>\n\t\t\t\t\t\t\t\t<\/div>\n\t\t\t\t\t<\/div>\n\t\t<\/section>\n\t\t\t\t<section class=\"elementor-section elementor-top-section elementor-element elementor-element-d65aa87 elementor-section-boxed elementor-section-height-default elementor-section-height-default\" data-id=\"d65aa87\" data-element_type=\"section\" data-settings=\"{&quot;jet_parallax_layout_list&quot;:[]}\">\n\t\t\t\t\t\t<div class=\"elementor-container elementor-column-gap-default\">\n\t\t\t\t\t\t\t<div class=\"elementor-row\">\n\t\t\t\t\t<div class=\"elementor-column elementor-col-100 elementor-top-column elementor-element elementor-element-ec18b99\" data-id=\"ec18b99\" data-element_type=\"column\">\n\t\t\t<div class=\"elementor-column-wrap elementor-element-populated\">\n\t\t\t\t\t\t\t<div class=\"elementor-widget-wrap\">\n\t\t\t\t\t\t<div class=\"elementor-element elementor-element-27123a80 elementor-align-center elementor-widget elementor-widget-button\" data-id=\"27123a80\" data-element_type=\"widget\" data-widget_type=\"button.default\">\n\t\t\t\t<div class=\"elementor-widget-container\">\n\t\t\t\t\t<div class=\"elementor-button-wrapper\">\n\t\t\t<a class=\"elementor-button elementor-button-link elementor-size-sm\" href=\"https:\/\/www.transgardon.fr\/WP\/reservez-en-direct\/\">\n\t\t\t\t\t\t<span class=\"elementor-button-content-wrapper\">\n\t\t\t\t\t\t<span class=\"elementor-button-text\">R\u00e9servez en direct<\/span>\n\t\t<\/span>\n\t\t\t\t\t<\/a>\n\t\t<\/div>\n\t\t\t\t<\/div>\n\t\t\t\t<\/div>\n\t\t\t\t\t\t<\/div>\n\t\t\t\t\t<\/div>\n\t\t<\/div>\n\t\t\t\t\t\t\t\t<\/div>\n\t\t\t\t\t<\/div>\n\t\t<\/section>\n\t\t\t\t\t\t\t\t\t<\/div>\n\t\t\t<\/div>\n\t\t\t\t\t<\/div>\n\t\t","protected":false},"excerpt":{"rendered":"<p>O\u00f9 se cachent les Chambres d&rsquo;h\u00f4tes de Transgardon en C\u00e9vennes ? Transgardon se trouve sur le versant m\u00e9ridional des C\u00e9vennes, entre Al\u00e8s et Florac \u2192 Acc\u00e8s autoroutier : A9 vers le Sud, sortie \u00ab\u00a0N\u00eemes Ouest\u00a0\u00bb \u2192 En venant de Florac par la N 106 (30km) : entr\u00e9e du chemin \u00e0 droite 2km apr\u00e8s le panneau [&hellip;]<\/p>\n","protected":false},"author":1,"featured_media":0,"parent":0,"menu_order":0,"comment_status":"closed","ping_status":"closed","template":"elementor_header_footer","meta":{"footnotes":""},"class_list":["post-3702","page","type-page","status-publish","hentry"],"_links":{"self":[{"href":"https:\/\/www.transgardon.fr\/WP\/wp-json\/wp\/v2\/pages\/3702","targetHints":{"allow":["GET"]}}],"collection":[{"href":"https:\/\/www.transgardon.fr\/WP\/wp-json\/wp\/v2\/pages"}],"about":[{"href":"https:\/\/www.transgardon.fr\/WP\/wp-json\/wp\/v2\/types\/page"}],"author":[{"embeddable":true,"href":"https:\/\/www.transgardon.fr\/WP\/wp-json\/wp\/v2\/users\/1"}],"replies":[{"embeddable":true,"href":"https:\/\/www.transgardon.fr\/WP\/wp-json\/wp\/v2\/comments?post=3702"}],"version-history":[{"count":15,"href":"https:\/\/www.transgardon.fr\/WP\/wp-json\/wp\/v2\/pages\/3702\/revisions"}],"predecessor-version":[{"id":3720,"href":"https:\/\/www.transgardon.fr\/WP\/wp-json\/wp\/v2\/pages\/3702\/revisions\/3720"}],"wp:attachment":[{"href":"https:\/\/www.transgardon.fr\/WP\/wp-json\/wp\/v2\/media?parent=3702"}],"curies":[{"name":"wp","href":"https:\/\/api.w.org\/{rel}","templated":true}]}}