{"id":2087,"date":"2024-03-10T16:39:20","date_gmt":"2024-03-10T15:39:20","guid":{"rendered":"https:\/\/www.transgardon.fr\/WP\/?page_id=2087"},"modified":"2024-04-21T09:25:53","modified_gmt":"2024-04-21T07:25:53","slug":"clin-doeil-slow-tourisme","status":"publish","type":"page","link":"https:\/\/www.transgardon.fr\/WP\/clins-doeil-etats-dame-faire-toujours-faire\/clin-doeil-slow-tourisme\/","title":{"rendered":"Clin d\u2019\u0153il &#8211; Slow tourisme"},"content":{"rendered":"\t\t<div data-elementor-type=\"wp-page\" data-elementor-id=\"2087\" class=\"elementor elementor-2087\">\n\t\t\t\t\t\t<div class=\"elementor-inner\">\n\t\t\t\t<div class=\"elementor-section-wrap\">\n\t\t\t\t\t\t\t\t\t<section class=\"elementor-section elementor-top-section elementor-element elementor-element-f4ab561 elementor-section-height-min-height elementor-section-boxed elementor-section-height-default elementor-section-items-middle\" data-id=\"f4ab561\" data-element_type=\"section\" data-settings=\"{&quot;jet_parallax_layout_list&quot;:[],&quot;background_background&quot;:&quot;classic&quot;}\">\n\t\t\t\t\t\t<div class=\"elementor-container elementor-column-gap-default\">\n\t\t\t\t\t\t\t<div class=\"elementor-row\">\n\t\t\t\t\t<div class=\"elementor-column elementor-col-50 elementor-top-column elementor-element elementor-element-f844e1c\" data-id=\"f844e1c\" data-element_type=\"column\">\n\t\t\t<div class=\"elementor-column-wrap elementor-element-populated\">\n\t\t\t\t\t\t\t<div class=\"elementor-widget-wrap\">\n\t\t\t\t\t\t<div class=\"elementor-element elementor-element-a153ff2 elementor-widget elementor-widget-image\" data-id=\"a153ff2\" data-element_type=\"widget\" data-widget_type=\"image.default\">\n\t\t\t\t<div class=\"elementor-widget-container\">\n\t\t\t\t\t\t\t\t<div class=\"elementor-image\">\n\t\t\t\t\t\t\t\t\t\t\t\t<img loading=\"lazy\" decoding=\"async\" width=\"750\" height=\"563\" src=\"https:\/\/www.transgardon.fr\/WP\/wp-content\/uploads\/2024\/03\/Page-Clins-doeil-Slow-tourisme-750-539.jpg\" class=\"attachment-large size-large wp-image-2093\" alt=\"\" srcset=\"https:\/\/www.transgardon.fr\/WP\/wp-content\/uploads\/2024\/03\/Page-Clins-doeil-Slow-tourisme-750-539.jpg 750w, https:\/\/www.transgardon.fr\/WP\/wp-content\/uploads\/2024\/03\/Page-Clins-doeil-Slow-tourisme-750-539-300x225.jpg 300w, https:\/\/www.transgardon.fr\/WP\/wp-content\/uploads\/2024\/03\/Page-Clins-doeil-Slow-tourisme-750-539-600x450.jpg 600w\" sizes=\"auto, (max-width: 750px) 100vw, 750px\" \/>\t\t\t\t\t\t\t\t\t\t\t\t\t\t<\/div>\n\t\t\t\t\t\t<\/div>\n\t\t\t\t<\/div>\n\t\t\t\t\t\t<\/div>\n\t\t\t\t\t<\/div>\n\t\t<\/div>\n\t\t\t\t<div class=\"elementor-column elementor-col-50 elementor-top-column elementor-element elementor-element-0bbc5c9\" data-id=\"0bbc5c9\" data-element_type=\"column\">\n\t\t\t<div class=\"elementor-column-wrap elementor-element-populated\">\n\t\t\t\t\t\t\t<div class=\"elementor-widget-wrap\">\n\t\t\t\t\t\t<div class=\"elementor-element elementor-element-f4c6a4c elementor-widget elementor-widget-spacer\" data-id=\"f4c6a4c\" data-element_type=\"widget\" data-widget_type=\"spacer.default\">\n\t\t\t\t<div class=\"elementor-widget-container\">\n\t\t\t\t\t<div class=\"elementor-spacer\">\n\t\t\t<div class=\"elementor-spacer-inner\"><\/div>\n\t\t<\/div>\n\t\t\t\t<\/div>\n\t\t\t\t<\/div>\n\t\t\t\t<div class=\"elementor-element elementor-element-720a962 elementor-widget elementor-widget-heading\" data-id=\"720a962\" data-element_type=\"widget\" data-widget_type=\"heading.default\">\n\t\t\t\t<div class=\"elementor-widget-container\">\n\t\t\t<h2 class=\"elementor-heading-title elementor-size-default\">Clin d\u2019\u0153il - Slow Tourisme en C\u00e9vennese ! <\/h2>\t\t<\/div>\n\t\t\t\t<\/div>\n\t\t\t\t<div class=\"elementor-element elementor-element-1ed95bc elementor-widget elementor-widget-text-editor\" data-id=\"1ed95bc\" data-element_type=\"widget\" data-widget_type=\"text-editor.default\">\n\t\t\t\t<div class=\"elementor-widget-container\">\n\t\t\t\t\t\t\t\t<div class=\"elementor-text-editor elementor-clearfix\">\n\t\t\t\t<p>\u00a0<\/p><p>Bon sang, mais c&rsquo;est bien s\u00fbr ! Nous faisions du Slow Tourisme sans le savoir&#8230; tout comme monsieur Jourdain de Moli\u00e8re faisait de la prose sans s&rsquo;en apercevoir.<\/p><p>Quelle d\u00e9couverte : nous qui aimions prendre le temps d&rsquo;\u00e9couter la vie qui d\u00e9file doucement au bruissement de la rivi\u00e8re&#8230; Attentifs \u00e0 notre environnement, \u00e0 l&rsquo;accueil de ceux qui veulent partager un morceau de vie avec nous&#8230; Eh bien tout cela a un nom, et nous ne le savions pas : Le Slow Tourisme !<\/p><p>Ah mince alors, nous voulions revenir au naturel, \u00e0 l&rsquo;ancien temps de vivre en quelque sorte&#8230; Eh bien nous voil\u00e0 confront\u00e9s \u00e0 un concept moderne tr\u00e8s \u00ab\u00a0tendance\u00a0\u00bb ! Enfin, du bon c\u00f4t\u00e9 de la tendance, si je puis dire ; pas celle qui pr\u00f4ne l&rsquo;individualisme et le chacun pour soi ; nous sommes plut\u00f4t du c\u00f4t\u00e9 de ceux qui veulent partager, tranquillement et sans pros\u00e9lytisme, un regard complice, une vision de la terre sur laquelle nous vivons trop souvent \u00e0 toute allure.<\/p><p>C&rsquo;est autre chose, et apr\u00e8s tout, tant mieux si c&rsquo;est tendance&#8230; Car cette tendance l\u00e0 pourrait bien nous mener plus loin que la politique actuelle du \u00ab\u00a0toujours plus\u00a0\u00bb en un minimum de temps. Que celle-ci trouve sa justification dans le contexte du travail, soit ! Mais cela n&rsquo;implique pas qu&rsquo;on doive organiser ses vacances sur le m\u00eame mod\u00e8le&#8230;<\/p><p>Pour ceux qui comme moi auraient d\u00e9couvert r\u00e9cemment ce concept \u00ab\u00a0Slow\u00a0\u00bb, la lecture du livre tr\u00e8s pertinent de Carl Honor\u00e9 intitul\u00e9 \u00ab\u00a0L&rsquo;\u00c9loge de la Lenteur\u00a0\u00bb pourra vous en apprendre davantage. Mais attention, n&rsquo;allez pas croire que cela s&rsquo;adresse aux mous d&rsquo;esprit et aux paresseux. Cette lenteur l\u00e0 n&rsquo;est pas laxiste !<\/p><p>PM<\/p><p>P.S. Merci \u00e0 notre h\u00f4te et ami Serge qui a eu la bonne id\u00e9e de nous offrir L&rsquo;\u00c9loge de la Lenteur.<\/p>\t\t\t\t\t<\/div>\n\t\t\t\t\t\t<\/div>\n\t\t\t\t<\/div>\n\t\t\t\t\t\t<\/div>\n\t\t\t\t\t<\/div>\n\t\t<\/div>\n\t\t\t\t\t\t\t\t<\/div>\n\t\t\t\t\t<\/div>\n\t\t<\/section>\n\t\t\t\t<section class=\"elementor-section elementor-top-section elementor-element elementor-element-761e51a elementor-section-boxed elementor-section-height-default elementor-section-height-default\" data-id=\"761e51a\" data-element_type=\"section\" data-settings=\"{&quot;jet_parallax_layout_list&quot;:[]}\">\n\t\t\t\t\t\t<div class=\"elementor-container elementor-column-gap-default\">\n\t\t\t\t\t\t\t<div class=\"elementor-row\">\n\t\t\t\t\t<div class=\"elementor-column elementor-col-100 elementor-top-column elementor-element elementor-element-0e8287c\" data-id=\"0e8287c\" data-element_type=\"column\">\n\t\t\t<div class=\"elementor-column-wrap elementor-element-populated\">\n\t\t\t\t\t\t\t<div class=\"elementor-widget-wrap\">\n\t\t\t\t\t\t<div class=\"elementor-element elementor-element-c245a02 elementor-view-default elementor-widget elementor-widget-icon\" data-id=\"c245a02\" data-element_type=\"widget\" data-widget_type=\"icon.default\">\n\t\t\t\t<div class=\"elementor-widget-container\">\n\t\t\t\t\t<div class=\"elementor-icon-wrapper\">\n\t\t\t<div class=\"elementor-icon\">\n\t\t\t<i aria-hidden=\"true\" class=\"fas fa-star\"><\/i>\t\t\t<\/div>\n\t\t<\/div>\n\t\t\t\t<\/div>\n\t\t\t\t<\/div>\n\t\t\t\t\t\t<\/div>\n\t\t\t\t\t<\/div>\n\t\t<\/div>\n\t\t\t\t\t\t\t\t<\/div>\n\t\t\t\t\t<\/div>\n\t\t<\/section>\n\t\t\t\t\t\t\t\t\t<\/div>\n\t\t\t<\/div>\n\t\t\t\t\t<\/div>\n\t\t","protected":false},"excerpt":{"rendered":"<p>Clin d\u2019\u0153il &#8211; Slow Tourisme en C\u00e9vennese ! \u00a0 Bon sang, mais c&rsquo;est bien s\u00fbr ! Nous faisions du Slow Tourisme sans le savoir&#8230; tout comme monsieur Jourdain de Moli\u00e8re faisait de la prose sans s&rsquo;en apercevoir. Quelle d\u00e9couverte : nous qui aimions prendre le temps d&rsquo;\u00e9couter la vie qui d\u00e9file doucement au bruissement de [&hellip;]<\/p>\n","protected":false},"author":1,"featured_media":0,"parent":1993,"menu_order":0,"comment_status":"closed","ping_status":"closed","template":"elementor_header_footer","meta":{"footnotes":""},"class_list":["post-2087","page","type-page","status-publish","hentry"],"_links":{"self":[{"href":"https:\/\/www.transgardon.fr\/WP\/wp-json\/wp\/v2\/pages\/2087","targetHints":{"allow":["GET"]}}],"collection":[{"href":"https:\/\/www.transgardon.fr\/WP\/wp-json\/wp\/v2\/pages"}],"about":[{"href":"https:\/\/www.transgardon.fr\/WP\/wp-json\/wp\/v2\/types\/page"}],"author":[{"embeddable":true,"href":"https:\/\/www.transgardon.fr\/WP\/wp-json\/wp\/v2\/users\/1"}],"replies":[{"embeddable":true,"href":"https:\/\/www.transgardon.fr\/WP\/wp-json\/wp\/v2\/comments?post=2087"}],"version-history":[{"count":23,"href":"https:\/\/www.transgardon.fr\/WP\/wp-json\/wp\/v2\/pages\/2087\/revisions"}],"predecessor-version":[{"id":3421,"href":"https:\/\/www.transgardon.fr\/WP\/wp-json\/wp\/v2\/pages\/2087\/revisions\/3421"}],"up":[{"embeddable":true,"href":"https:\/\/www.transgardon.fr\/WP\/wp-json\/wp\/v2\/pages\/1993"}],"wp:attachment":[{"href":"https:\/\/www.transgardon.fr\/WP\/wp-json\/wp\/v2\/media?parent=2087"}],"curies":[{"name":"wp","href":"https:\/\/api.w.org\/{rel}","templated":true}]}}