{"id":2069,"date":"2024-03-10T11:14:16","date_gmt":"2024-03-10T10:14:16","guid":{"rendered":"https:\/\/www.transgardon.fr\/WP\/?page_id=2069"},"modified":"2024-04-21T09:41:09","modified_gmt":"2024-04-21T07:41:09","slug":"clin-doeil-cevennes-et-vous","status":"publish","type":"page","link":"https:\/\/www.transgardon.fr\/WP\/clins-doeil-etats-dame-faire-toujours-faire\/clin-doeil-cevennes-et-vous\/","title":{"rendered":"Clin d\u2019\u0153il &#8211; C\u00e9vennes et vous"},"content":{"rendered":"\t\t<div data-elementor-type=\"wp-page\" data-elementor-id=\"2069\" class=\"elementor elementor-2069\">\n\t\t\t\t\t\t<div class=\"elementor-inner\">\n\t\t\t\t<div class=\"elementor-section-wrap\">\n\t\t\t\t\t\t\t\t\t<section class=\"elementor-section elementor-top-section elementor-element elementor-element-4549916 elementor-section-height-min-height elementor-section-boxed elementor-section-height-default elementor-section-items-middle\" data-id=\"4549916\" data-element_type=\"section\" data-settings=\"{&quot;jet_parallax_layout_list&quot;:[],&quot;background_background&quot;:&quot;classic&quot;}\">\n\t\t\t\t\t\t<div class=\"elementor-container elementor-column-gap-default\">\n\t\t\t\t\t\t\t<div class=\"elementor-row\">\n\t\t\t\t\t<div class=\"elementor-column elementor-col-50 elementor-top-column elementor-element elementor-element-f63971a\" data-id=\"f63971a\" data-element_type=\"column\" data-settings=\"{&quot;background_background&quot;:&quot;classic&quot;}\">\n\t\t\t<div class=\"elementor-column-wrap elementor-element-populated\">\n\t\t\t\t\t\t\t<div class=\"elementor-widget-wrap\">\n\t\t\t\t\t\t<div class=\"elementor-element elementor-element-de8947d elementor-widget elementor-widget-image\" data-id=\"de8947d\" data-element_type=\"widget\" data-widget_type=\"image.default\">\n\t\t\t\t<div class=\"elementor-widget-container\">\n\t\t\t\t\t\t\t\t<div class=\"elementor-image\">\n\t\t\t\t\t\t\t\t\t\t\t\t<img loading=\"lazy\" decoding=\"async\" width=\"750\" height=\"539\" src=\"https:\/\/www.transgardon.fr\/WP\/wp-content\/uploads\/2024\/03\/Page-Clins-doeil-Cevennes-et-vous-750-539.jpg\" class=\"attachment-large size-large wp-image-2077\" alt=\"\" srcset=\"https:\/\/www.transgardon.fr\/WP\/wp-content\/uploads\/2024\/03\/Page-Clins-doeil-Cevennes-et-vous-750-539.jpg 750w, https:\/\/www.transgardon.fr\/WP\/wp-content\/uploads\/2024\/03\/Page-Clins-doeil-Cevennes-et-vous-750-539-300x216.jpg 300w, https:\/\/www.transgardon.fr\/WP\/wp-content\/uploads\/2024\/03\/Page-Clins-doeil-Cevennes-et-vous-750-539-370x265.jpg 370w, https:\/\/www.transgardon.fr\/WP\/wp-content\/uploads\/2024\/03\/Page-Clins-doeil-Cevennes-et-vous-750-539-600x431.jpg 600w\" sizes=\"auto, (max-width: 750px) 100vw, 750px\" \/>\t\t\t\t\t\t\t\t\t\t\t\t\t\t<\/div>\n\t\t\t\t\t\t<\/div>\n\t\t\t\t<\/div>\n\t\t\t\t\t\t<\/div>\n\t\t\t\t\t<\/div>\n\t\t<\/div>\n\t\t\t\t<div class=\"elementor-column elementor-col-50 elementor-top-column elementor-element elementor-element-e11abb8\" data-id=\"e11abb8\" data-element_type=\"column\">\n\t\t\t<div class=\"elementor-column-wrap elementor-element-populated\">\n\t\t\t\t\t\t\t<div class=\"elementor-widget-wrap\">\n\t\t\t\t\t\t<div class=\"elementor-element elementor-element-cff02b8 elementor-widget elementor-widget-spacer\" data-id=\"cff02b8\" data-element_type=\"widget\" data-widget_type=\"spacer.default\">\n\t\t\t\t<div class=\"elementor-widget-container\">\n\t\t\t\t\t<div class=\"elementor-spacer\">\n\t\t\t<div class=\"elementor-spacer-inner\"><\/div>\n\t\t<\/div>\n\t\t\t\t<\/div>\n\t\t\t\t<\/div>\n\t\t\t\t<div class=\"elementor-element elementor-element-48d0aef elementor-widget elementor-widget-heading\" data-id=\"48d0aef\" data-element_type=\"widget\" data-widget_type=\"heading.default\">\n\t\t\t\t<div class=\"elementor-widget-container\">\n\t\t\t<h2 class=\"elementor-heading-title elementor-size-default\">Clin d\u2019\u0153il - C\u00e9vennes et vous<\/h2>\t\t<\/div>\n\t\t\t\t<\/div>\n\t\t\t\t<div class=\"elementor-element elementor-element-22e1624 elementor-widget elementor-widget-text-editor\" data-id=\"22e1624\" data-element_type=\"widget\" data-widget_type=\"text-editor.default\">\n\t\t\t\t<div class=\"elementor-widget-container\">\n\t\t\t\t\t\t\t\t<div class=\"elementor-text-editor elementor-clearfix\">\n\t\t\t\t<p><strong>Pourquoi ?<\/strong><\/p><p>Pourquoi avoir choisi les C\u00e9vennes, la Loz\u00e8re, ce coin perdu de France o\u00f9 l&rsquo;on n&rsquo;est jamais s\u00fbr de trouver le WIFI quand on en a besoin ? J&rsquo;entends d\u00e9j\u00e0 les amis : &lt;&lt; Mais qu&rsquo;est-ce que tu vas faire dans ce tr&#8230; ? Tu vas t&#8217;em&#8230;. \u00e0 cent sous de l&rsquo;heure* .&gt;&gt;<\/p><p><strong>Parce que je &#8230;<\/strong><\/p><p>Parce que j&rsquo;ai envie de vivre enfin une exp\u00e9rience simple o\u00f9 je me retrouve&#8230; Parce que j&rsquo;ai besoin de l\u00e2cher prise avec la sophistication de mon quotidien. Au travail, \u00e0 la maison, tout est toujours inutilement compliqu\u00e9&#8230; Spontan\u00e9it\u00e9, intuition et r\u00eaveries sont bannis. Tandis que l&rsquo;on porte aux nues r\u00e9flexion et pragmatisme. Pour aller o\u00f9 ? Vers le gain, le profit, la rentabilit\u00e9&#8230;<\/p><p>Et moi dans tout cela ? Exist\u00e9-je vraiment ? Je n&rsquo;en sais rien, je n&rsquo;ai pas le temps d&rsquo;y penser ; il y a tant de choses \u00e0 faire&#8230; Sans cesse sollicit\u00e9, dispers\u00e9, distrait, absent \u00e0 moi-m\u00eame&#8230; Alors j&rsquo;ai d\u00e9cid\u00e9 de vivre cet interm\u00e8de en C\u00e9vennes.<\/p><p>\u00a0<\/p>\t\t\t\t\t<\/div>\n\t\t\t\t\t\t<\/div>\n\t\t\t\t<\/div>\n\t\t\t\t\t\t<\/div>\n\t\t\t\t\t<\/div>\n\t\t<\/div>\n\t\t\t\t\t\t\t\t<\/div>\n\t\t\t\t\t<\/div>\n\t\t<\/section>\n\t\t\t\t<section class=\"elementor-section elementor-top-section elementor-element elementor-element-a85ac16 elementor-section-boxed elementor-section-height-default elementor-section-height-default\" data-id=\"a85ac16\" data-element_type=\"section\" data-settings=\"{&quot;jet_parallax_layout_list&quot;:[]}\">\n\t\t\t\t\t\t<div class=\"elementor-container elementor-column-gap-default\">\n\t\t\t\t\t\t\t<div class=\"elementor-row\">\n\t\t\t\t\t<div class=\"elementor-column elementor-col-100 elementor-top-column elementor-element elementor-element-1a9db6b\" data-id=\"1a9db6b\" data-element_type=\"column\">\n\t\t\t<div class=\"elementor-column-wrap elementor-element-populated\">\n\t\t\t\t\t\t\t<div class=\"elementor-widget-wrap\">\n\t\t\t\t\t\t<div class=\"elementor-element elementor-element-42a4f98 elementor-widget elementor-widget-text-editor\" data-id=\"42a4f98\" data-element_type=\"widget\" data-widget_type=\"text-editor.default\">\n\t\t\t\t<div class=\"elementor-widget-container\">\n\t\t\t\t\t\t\t\t<div class=\"elementor-text-editor elementor-clearfix\">\n\t\t\t\t<p><strong>Ici, au milieu de rien, j&rsquo;ai tout !<\/strong><\/p><p>La nature, la montagne, la for\u00eat, la rivi\u00e8re&#8230; Les couleurs, les senteurs, la douceur de vivre, tout m&rsquo;attire sans me prendre. Tout me ram\u00e8ne \u00e0 moi-m\u00eame. Si mes sens sont en \u00e9veil, mon esprit s&rsquo;autorise \u00e0 la veille&#8230; Les sentiments, sensations, toutes ces facult\u00e9s naturelles contrari\u00e9es, se r\u00e9v\u00e8lent par le catalyseur de la nature. Comme elle, je vis au jour le jour, me souciant de moi-m\u00eame et d&rsquo;harmonie au monde.<\/p><p><strong>Mon cher ami qui me questionne<\/strong>, je te dois l&rsquo;enti\u00e8re v\u00e9rit\u00e9 :<\/p><p>Il n&rsquo;est pas ais\u00e9 d&rsquo;atteindre \u00e0 l&rsquo;id\u00e9al souhait\u00e9. Il n&rsquo;est pas possible de changer les choses du jour au lendemain, de passer de la suractiv\u00e9 \u00e0 la nonchalance dirig\u00e9e. Rien n&rsquo;est plus difficile que de ne rien faire. Essaye un instant, et tu verras comme moi les d\u00e9mons surgir ! Aussi, soyons r\u00e9alistes, proc\u00e9dons pas \u00e9tape, apprenons d&rsquo;abords \u00e0 faire moins, mais \u00e0 faire \u00ab\u00a0mieux\u00a0\u00bb.<\/p><p>A bon entendeur salut !<\/p><p>PM<\/p>\t\t\t\t\t<\/div>\n\t\t\t\t\t\t<\/div>\n\t\t\t\t<\/div>\n\t\t\t\t\t\t<\/div>\n\t\t\t\t\t<\/div>\n\t\t<\/div>\n\t\t\t\t\t\t\t\t<\/div>\n\t\t\t\t\t<\/div>\n\t\t<\/section>\n\t\t\t\t<section class=\"elementor-section elementor-top-section elementor-element elementor-element-85d7af2 elementor-section-boxed elementor-section-height-default elementor-section-height-default\" data-id=\"85d7af2\" data-element_type=\"section\" data-settings=\"{&quot;jet_parallax_layout_list&quot;:[]}\">\n\t\t\t\t\t\t<div class=\"elementor-container elementor-column-gap-default\">\n\t\t\t\t\t\t\t<div class=\"elementor-row\">\n\t\t\t\t\t<div class=\"elementor-column elementor-col-100 elementor-top-column elementor-element elementor-element-ce9282c\" data-id=\"ce9282c\" data-element_type=\"column\">\n\t\t\t<div class=\"elementor-column-wrap elementor-element-populated\">\n\t\t\t\t\t\t\t<div class=\"elementor-widget-wrap\">\n\t\t\t\t\t\t<div class=\"elementor-element elementor-element-58ebb39 elementor-widget elementor-widget-text-editor\" data-id=\"58ebb39\" data-element_type=\"widget\" data-widget_type=\"text-editor.default\">\n\t\t\t\t<div class=\"elementor-widget-container\">\n\t\t\t\t\t\t\t\t<div class=\"elementor-text-editor elementor-clearfix\">\n\t\t\t\t<p>* Mais rendons \u00e0 C\u00e9sar&#8230;<\/p>\n<p>En C\u00e9vennes authenticit\u00e9 et modernit\u00e9 font bon m\u00e9nage. Pour preuve : le t\u00e9l\u00e9phone mobile fonctionne presque partout, les hot spots Wifi de plus en plus fr\u00e9quents, et la fibre optique est en cours de d\u00e9ploiement sur toute la Loz\u00e8re. L&rsquo;ensemble des habitations, m\u00eame les plus isol\u00e9es, doivent \u00eatre raccord\u00e9es. (D\u00e9but 2024 Transgardon attends toujours la fibre&nbsp; mais esp\u00e9rons pour cet \u00e9t\u00e9&#8230;) <br><\/p>\n<p>Quant aux activit\u00e9s praticables en C\u00e9venne, notamment en Loz\u00e8re, votre s\u00e9jour ne suffirait pas \u00e0 les go\u00fbter toutes : randonn\u00e9e, cano\u00eb, canyoning, rafting, escalade, via ferrata, sp\u00e9l\u00e9ologie, saut \u00e0 l&rsquo;\u00e9lastique&#8230; d\u00e9couvertes patrimoniales riches et vari\u00e9es&#8230;<\/p>\t\t\t\t\t<\/div>\n\t\t\t\t\t\t<\/div>\n\t\t\t\t<\/div>\n\t\t\t\t\t\t<\/div>\n\t\t\t\t\t<\/div>\n\t\t<\/div>\n\t\t\t\t\t\t\t\t<\/div>\n\t\t\t\t\t<\/div>\n\t\t<\/section>\n\t\t\t\t<section class=\"elementor-section elementor-top-section elementor-element elementor-element-7248102 elementor-section-boxed elementor-section-height-default elementor-section-height-default\" data-id=\"7248102\" data-element_type=\"section\" data-settings=\"{&quot;jet_parallax_layout_list&quot;:[]}\">\n\t\t\t\t\t\t<div class=\"elementor-container elementor-column-gap-default\">\n\t\t\t\t\t\t\t<div class=\"elementor-row\">\n\t\t\t\t\t<div class=\"elementor-column elementor-col-100 elementor-top-column elementor-element elementor-element-248dbf1\" data-id=\"248dbf1\" data-element_type=\"column\">\n\t\t\t<div class=\"elementor-column-wrap elementor-element-populated\">\n\t\t\t\t\t\t\t<div class=\"elementor-widget-wrap\">\n\t\t\t\t\t\t<div class=\"elementor-element elementor-element-e61629d elementor-view-default elementor-widget elementor-widget-icon\" data-id=\"e61629d\" data-element_type=\"widget\" data-widget_type=\"icon.default\">\n\t\t\t\t<div class=\"elementor-widget-container\">\n\t\t\t\t\t<div class=\"elementor-icon-wrapper\">\n\t\t\t<div class=\"elementor-icon\">\n\t\t\t<i aria-hidden=\"true\" class=\"fas fa-star\"><\/i>\t\t\t<\/div>\n\t\t<\/div>\n\t\t\t\t<\/div>\n\t\t\t\t<\/div>\n\t\t\t\t\t\t<\/div>\n\t\t\t\t\t<\/div>\n\t\t<\/div>\n\t\t\t\t\t\t\t\t<\/div>\n\t\t\t\t\t<\/div>\n\t\t<\/section>\n\t\t\t\t\t\t\t\t\t<\/div>\n\t\t\t<\/div>\n\t\t\t\t\t<\/div>\n\t\t","protected":false},"excerpt":{"rendered":"<p>Clin d\u2019\u0153il &#8211; C\u00e9vennes et vous Pourquoi ? Pourquoi avoir choisi les C\u00e9vennes, la Loz\u00e8re, ce coin perdu de France o\u00f9 l&rsquo;on n&rsquo;est jamais s\u00fbr de trouver le WIFI quand on en a besoin ? J&rsquo;entends d\u00e9j\u00e0 les amis : &lt;&lt; Mais qu&rsquo;est-ce que tu vas faire dans ce tr&#8230; ? Tu vas t&#8217;em&#8230;. \u00e0 [&hellip;]<\/p>\n","protected":false},"author":1,"featured_media":0,"parent":1993,"menu_order":0,"comment_status":"closed","ping_status":"closed","template":"elementor_header_footer","meta":{"footnotes":""},"class_list":["post-2069","page","type-page","status-publish","hentry"],"_links":{"self":[{"href":"https:\/\/www.transgardon.fr\/WP\/wp-json\/wp\/v2\/pages\/2069","targetHints":{"allow":["GET"]}}],"collection":[{"href":"https:\/\/www.transgardon.fr\/WP\/wp-json\/wp\/v2\/pages"}],"about":[{"href":"https:\/\/www.transgardon.fr\/WP\/wp-json\/wp\/v2\/types\/page"}],"author":[{"embeddable":true,"href":"https:\/\/www.transgardon.fr\/WP\/wp-json\/wp\/v2\/users\/1"}],"replies":[{"embeddable":true,"href":"https:\/\/www.transgardon.fr\/WP\/wp-json\/wp\/v2\/comments?post=2069"}],"version-history":[{"count":28,"href":"https:\/\/www.transgardon.fr\/WP\/wp-json\/wp\/v2\/pages\/2069\/revisions"}],"predecessor-version":[{"id":3440,"href":"https:\/\/www.transgardon.fr\/WP\/wp-json\/wp\/v2\/pages\/2069\/revisions\/3440"}],"up":[{"embeddable":true,"href":"https:\/\/www.transgardon.fr\/WP\/wp-json\/wp\/v2\/pages\/1993"}],"wp:attachment":[{"href":"https:\/\/www.transgardon.fr\/WP\/wp-json\/wp\/v2\/media?parent=2069"}],"curies":[{"name":"wp","href":"https:\/\/api.w.org\/{rel}","templated":true}]}}