{"id":2036,"date":"2024-03-09T17:46:44","date_gmt":"2024-03-09T16:46:44","guid":{"rendered":"https:\/\/www.transgardon.fr\/WP\/?page_id=2036"},"modified":"2024-04-21T09:28:26","modified_gmt":"2024-04-21T07:28:26","slug":"clin-doeil-marchons-tete-haute","status":"publish","type":"page","link":"https:\/\/www.transgardon.fr\/WP\/clins-doeil-etats-dame-faire-toujours-faire\/clin-doeil-marchons-tete-haute\/","title":{"rendered":"Clin d\u2019\u0153il &#8211; Marchons t\u00eate haute !"},"content":{"rendered":"\t\t<div data-elementor-type=\"wp-page\" data-elementor-id=\"2036\" class=\"elementor elementor-2036\">\n\t\t\t\t\t\t<div class=\"elementor-inner\">\n\t\t\t\t<div class=\"elementor-section-wrap\">\n\t\t\t\t\t\t\t\t\t<section class=\"elementor-section elementor-top-section elementor-element elementor-element-06691cb elementor-section-height-min-height elementor-section-boxed elementor-section-height-default elementor-section-items-middle\" data-id=\"06691cb\" data-element_type=\"section\" data-settings=\"{&quot;jet_parallax_layout_list&quot;:[]}\">\n\t\t\t\t\t\t<div class=\"elementor-container elementor-column-gap-default\">\n\t\t\t\t\t\t\t<div class=\"elementor-row\">\n\t\t\t\t\t<div class=\"elementor-column elementor-col-50 elementor-top-column elementor-element elementor-element-9b0244b\" data-id=\"9b0244b\" data-element_type=\"column\">\n\t\t\t<div class=\"elementor-column-wrap elementor-element-populated\">\n\t\t\t\t\t\t\t<div class=\"elementor-widget-wrap\">\n\t\t\t\t\t\t<div class=\"elementor-element elementor-element-4aaf40a elementor-widget elementor-widget-image\" data-id=\"4aaf40a\" data-element_type=\"widget\" data-widget_type=\"image.default\">\n\t\t\t\t<div class=\"elementor-widget-container\">\n\t\t\t\t\t\t\t\t<div class=\"elementor-image\">\n\t\t\t\t\t\t\t\t\t\t\t\t<img loading=\"lazy\" decoding=\"async\" width=\"750\" height=\"539\" src=\"https:\/\/www.transgardon.fr\/WP\/wp-content\/uploads\/2024\/03\/Page-Clins-doeil-2-750-539.jpg\" class=\"attachment-large size-large wp-image-2045\" alt=\"\" srcset=\"https:\/\/www.transgardon.fr\/WP\/wp-content\/uploads\/2024\/03\/Page-Clins-doeil-2-750-539.jpg 750w, https:\/\/www.transgardon.fr\/WP\/wp-content\/uploads\/2024\/03\/Page-Clins-doeil-2-750-539-300x216.jpg 300w, https:\/\/www.transgardon.fr\/WP\/wp-content\/uploads\/2024\/03\/Page-Clins-doeil-2-750-539-370x265.jpg 370w, https:\/\/www.transgardon.fr\/WP\/wp-content\/uploads\/2024\/03\/Page-Clins-doeil-2-750-539-600x431.jpg 600w\" sizes=\"auto, (max-width: 750px) 100vw, 750px\" \/>\t\t\t\t\t\t\t\t\t\t\t\t\t\t<\/div>\n\t\t\t\t\t\t<\/div>\n\t\t\t\t<\/div>\n\t\t\t\t\t\t<\/div>\n\t\t\t\t\t<\/div>\n\t\t<\/div>\n\t\t\t\t<div class=\"elementor-column elementor-col-50 elementor-top-column elementor-element elementor-element-7444568\" data-id=\"7444568\" data-element_type=\"column\">\n\t\t\t<div class=\"elementor-column-wrap elementor-element-populated\">\n\t\t\t\t\t\t\t<div class=\"elementor-widget-wrap\">\n\t\t\t\t\t\t<div class=\"elementor-element elementor-element-385f67a elementor-widget elementor-widget-spacer\" data-id=\"385f67a\" data-element_type=\"widget\" data-widget_type=\"spacer.default\">\n\t\t\t\t<div class=\"elementor-widget-container\">\n\t\t\t\t\t<div class=\"elementor-spacer\">\n\t\t\t<div class=\"elementor-spacer-inner\"><\/div>\n\t\t<\/div>\n\t\t\t\t<\/div>\n\t\t\t\t<\/div>\n\t\t\t\t<div class=\"elementor-element elementor-element-8fd1712 elementor-widget elementor-widget-heading\" data-id=\"8fd1712\" data-element_type=\"widget\" data-widget_type=\"heading.default\">\n\t\t\t\t<div class=\"elementor-widget-container\">\n\t\t\t<h2 class=\"elementor-heading-title elementor-size-default\">Clin d\u2019\u0153il - Marchons t\u00eate haute ! <\/h2>\t\t<\/div>\n\t\t\t\t<\/div>\n\t\t\t\t<div class=\"elementor-element elementor-element-8345c5a elementor-widget elementor-widget-text-editor\" data-id=\"8345c5a\" data-element_type=\"widget\" data-widget_type=\"text-editor.default\">\n\t\t\t\t<div class=\"elementor-widget-container\">\n\t\t\t\t\t\t\t\t<div class=\"elementor-text-editor elementor-clearfix\">\n\t\t\t\t<p>Ressaisissons-nous ; traversons ce monde la t\u00eate haute !<\/p><p>Non pas que nous soyons fiers ou m\u00e9prisants envers nos cong\u00e9n\u00e8res humains.<\/p><p>Non, marchons t\u00eate haute pour \u00e9lever le regard ; \u00e9lever le regard vers le monde qui nous entoure !<\/p><p>\u00ab\u00a0D\u00e9j\u00e0 vu&#8230;\u00a0\u00bb , me direz-vous. \u00ab\u00a0Je connais cet environnement : c&rsquo;est mon quotidien&#8230; ou \u00e7a ressemble \u00e0 tel ou tel endroit, telle ou telle chose que je connais d\u00e9j\u00e0&#8230;\u00a0\u00bb<\/p><p>Quelle infortune que cette infirmit\u00e9 qui nous fait d\u00e9laisser aujourd&rsquo;hui ce qui nous \u00e9mouvait hier encore&#8230;<\/p><p>Pourquoi ne plus regarder le soit disant \u00ab\u00a0d\u00e9j\u00e0 vu\u00a0\u00bb ? Parce que nous sommes pauvres en esprit, pauvres de ne savoir pleinement appr\u00e9cier qu&rsquo;une premi\u00e8re fois, puis classer sans suite, et fermer les yeux \u00e0 la prochaine rencontre.<\/p><p>Regardez celui qui vient d&rsquo;ailleurs. Qu&rsquo;est-ce qui le distingue des indig\u00e8nes que nous sommes\u00a0? Il a la t\u00eate haute et le regard droit vers le monde qui l&rsquo;entoure ! Tandis que nous, habitu\u00e9s des lieux, baissons la t\u00eate et marchons le regard tourn\u00e9 vers nos pens\u00e9es&#8230;<\/p><p>Et pourtant tout change en permanence : la lumi\u00e8re du ciel, le regard d&rsquo;un ami, l&rsquo;air que nous respirons&#8230; Ces d\u00e9couvertes que nous pourrions faire nous \u00e9chappent sans cesse parce que nous sommes tellement s\u00fbrs de savoir !<\/p><p>Aussi marchons la t\u00eate haute, arr\u00eatons de \u00ab\u00a0savoir\u00a0\u00bb, pour mieux voir et voir encore&#8230;<\/p><p>Et que verrons-nous : que la vie vaut la peine d&rsquo;\u00eatre v\u00e9cue, que l&rsquo;\u00e9merveillement est l\u00e0, \u00e0 chaque instant, pour qui a le regard neuf.<\/p>\t\t\t\t\t<\/div>\n\t\t\t\t\t\t<\/div>\n\t\t\t\t<\/div>\n\t\t\t\t\t\t<\/div>\n\t\t\t\t\t<\/div>\n\t\t<\/div>\n\t\t\t\t\t\t\t\t<\/div>\n\t\t\t\t\t<\/div>\n\t\t<\/section>\n\t\t\t\t<section class=\"elementor-section elementor-top-section elementor-element elementor-element-422f4bb elementor-section-boxed elementor-section-height-default elementor-section-height-default\" data-id=\"422f4bb\" data-element_type=\"section\" data-settings=\"{&quot;jet_parallax_layout_list&quot;:[]}\">\n\t\t\t\t\t\t<div class=\"elementor-container elementor-column-gap-default\">\n\t\t\t\t\t\t\t<div class=\"elementor-row\">\n\t\t\t\t\t<div class=\"elementor-column elementor-col-100 elementor-top-column elementor-element elementor-element-c1efb2d\" data-id=\"c1efb2d\" data-element_type=\"column\">\n\t\t\t<div class=\"elementor-column-wrap elementor-element-populated\">\n\t\t\t\t\t\t\t<div class=\"elementor-widget-wrap\">\n\t\t\t\t\t\t<div class=\"elementor-element elementor-element-9fa20e9 elementor-view-default elementor-widget elementor-widget-icon\" data-id=\"9fa20e9\" data-element_type=\"widget\" data-widget_type=\"icon.default\">\n\t\t\t\t<div class=\"elementor-widget-container\">\n\t\t\t\t\t<div class=\"elementor-icon-wrapper\">\n\t\t\t<div class=\"elementor-icon\">\n\t\t\t<i aria-hidden=\"true\" class=\"fas fa-star\"><\/i>\t\t\t<\/div>\n\t\t<\/div>\n\t\t\t\t<\/div>\n\t\t\t\t<\/div>\n\t\t\t\t\t\t<\/div>\n\t\t\t\t\t<\/div>\n\t\t<\/div>\n\t\t\t\t\t\t\t\t<\/div>\n\t\t\t\t\t<\/div>\n\t\t<\/section>\n\t\t\t\t\t\t\t\t\t<\/div>\n\t\t\t<\/div>\n\t\t\t\t\t<\/div>\n\t\t","protected":false},"excerpt":{"rendered":"<p>Clin d\u2019\u0153il &#8211; Marchons t\u00eate haute ! Ressaisissons-nous ; traversons ce monde la t\u00eate haute ! Non pas que nous soyons fiers ou m\u00e9prisants envers nos cong\u00e9n\u00e8res humains. Non, marchons t\u00eate haute pour \u00e9lever le regard ; \u00e9lever le regard vers le monde qui nous entoure ! \u00ab\u00a0D\u00e9j\u00e0 vu&#8230;\u00a0\u00bb , me direz-vous. \u00ab\u00a0Je connais cet [&hellip;]<\/p>\n","protected":false},"author":1,"featured_media":0,"parent":1993,"menu_order":0,"comment_status":"closed","ping_status":"closed","template":"elementor_header_footer","meta":{"footnotes":""},"class_list":["post-2036","page","type-page","status-publish","hentry"],"_links":{"self":[{"href":"https:\/\/www.transgardon.fr\/WP\/wp-json\/wp\/v2\/pages\/2036","targetHints":{"allow":["GET"]}}],"collection":[{"href":"https:\/\/www.transgardon.fr\/WP\/wp-json\/wp\/v2\/pages"}],"about":[{"href":"https:\/\/www.transgardon.fr\/WP\/wp-json\/wp\/v2\/types\/page"}],"author":[{"embeddable":true,"href":"https:\/\/www.transgardon.fr\/WP\/wp-json\/wp\/v2\/users\/1"}],"replies":[{"embeddable":true,"href":"https:\/\/www.transgardon.fr\/WP\/wp-json\/wp\/v2\/comments?post=2036"}],"version-history":[{"count":17,"href":"https:\/\/www.transgardon.fr\/WP\/wp-json\/wp\/v2\/pages\/2036\/revisions"}],"predecessor-version":[{"id":3425,"href":"https:\/\/www.transgardon.fr\/WP\/wp-json\/wp\/v2\/pages\/2036\/revisions\/3425"}],"up":[{"embeddable":true,"href":"https:\/\/www.transgardon.fr\/WP\/wp-json\/wp\/v2\/pages\/1993"}],"wp:attachment":[{"href":"https:\/\/www.transgardon.fr\/WP\/wp-json\/wp\/v2\/media?parent=2036"}],"curies":[{"name":"wp","href":"https:\/\/api.w.org\/{rel}","templated":true}]}}