{"id":1993,"date":"2024-03-08T18:19:47","date_gmt":"2024-03-08T17:19:47","guid":{"rendered":"https:\/\/www.transgardon.fr\/WP\/?page_id=1993"},"modified":"2025-12-30T20:59:32","modified_gmt":"2025-12-30T19:59:32","slug":"clins-doeil-etats-dame-faire-toujours-faire","status":"publish","type":"page","link":"https:\/\/www.transgardon.fr\/WP\/clins-doeil-etats-dame-faire-toujours-faire\/","title":{"rendered":"Clins d\u2019\u0153il &#038; \u00e9tats d&rsquo;\u00e2me &#8211; Faire toujours faire"},"content":{"rendered":"\t\t<div data-elementor-type=\"wp-page\" data-elementor-id=\"1993\" class=\"elementor elementor-1993\">\n\t\t\t\t\t\t<div class=\"elementor-inner\">\n\t\t\t\t<div class=\"elementor-section-wrap\">\n\t\t\t\t\t\t\t\t\t<section class=\"elementor-section elementor-top-section elementor-element elementor-element-8b1bebb elementor-section-height-min-height elementor-section-boxed elementor-section-height-default elementor-section-items-middle\" data-id=\"8b1bebb\" data-element_type=\"section\" data-settings=\"{&quot;jet_parallax_layout_list&quot;:[]}\">\n\t\t\t\t\t\t<div class=\"elementor-container elementor-column-gap-default\">\n\t\t\t\t\t\t\t<div class=\"elementor-row\">\n\t\t\t\t\t<div class=\"elementor-column elementor-col-50 elementor-top-column elementor-element elementor-element-31aa0b9\" data-id=\"31aa0b9\" data-element_type=\"column\">\n\t\t\t<div class=\"elementor-column-wrap elementor-element-populated\">\n\t\t\t\t\t\t\t<div class=\"elementor-widget-wrap\">\n\t\t\t\t\t\t<div class=\"elementor-element elementor-element-cf64fcb elementor-widget elementor-widget-image\" data-id=\"cf64fcb\" data-element_type=\"widget\" data-widget_type=\"image.default\">\n\t\t\t\t<div class=\"elementor-widget-container\">\n\t\t\t\t\t\t\t\t<div class=\"elementor-image\">\n\t\t\t\t\t\t\t\t\t\t\t\t<img loading=\"lazy\" decoding=\"async\" width=\"750\" height=\"539\" src=\"https:\/\/www.transgardon.fr\/WP\/wp-content\/uploads\/2024\/03\/Page-Clins-doeil-1-750-539.jpg\" class=\"attachment-large size-large wp-image-2001\" alt=\"\" srcset=\"https:\/\/www.transgardon.fr\/WP\/wp-content\/uploads\/2024\/03\/Page-Clins-doeil-1-750-539.jpg 750w, https:\/\/www.transgardon.fr\/WP\/wp-content\/uploads\/2024\/03\/Page-Clins-doeil-1-750-539-300x216.jpg 300w, https:\/\/www.transgardon.fr\/WP\/wp-content\/uploads\/2024\/03\/Page-Clins-doeil-1-750-539-370x265.jpg 370w, https:\/\/www.transgardon.fr\/WP\/wp-content\/uploads\/2024\/03\/Page-Clins-doeil-1-750-539-600x431.jpg 600w\" sizes=\"auto, (max-width: 750px) 100vw, 750px\" \/>\t\t\t\t\t\t\t\t\t\t\t\t\t\t<\/div>\n\t\t\t\t\t\t<\/div>\n\t\t\t\t<\/div>\n\t\t\t\t\t\t<\/div>\n\t\t\t\t\t<\/div>\n\t\t<\/div>\n\t\t\t\t<div class=\"elementor-column elementor-col-50 elementor-top-column elementor-element elementor-element-8b11ae8\" data-id=\"8b11ae8\" data-element_type=\"column\">\n\t\t\t<div class=\"elementor-column-wrap elementor-element-populated\">\n\t\t\t\t\t\t\t<div class=\"elementor-widget-wrap\">\n\t\t\t\t\t\t<div class=\"elementor-element elementor-element-8327bef elementor-widget elementor-widget-spacer\" data-id=\"8327bef\" data-element_type=\"widget\" data-widget_type=\"spacer.default\">\n\t\t\t\t<div class=\"elementor-widget-container\">\n\t\t\t\t\t<div class=\"elementor-spacer\">\n\t\t\t<div class=\"elementor-spacer-inner\"><\/div>\n\t\t<\/div>\n\t\t\t\t<\/div>\n\t\t\t\t<\/div>\n\t\t\t\t<div class=\"elementor-element elementor-element-b87c40d elementor-widget elementor-widget-heading\" data-id=\"b87c40d\" data-element_type=\"widget\" data-widget_type=\"heading.default\">\n\t\t\t\t<div class=\"elementor-widget-container\">\n\t\t\t<h2 class=\"elementor-heading-title elementor-size-default\">Clin d\u2019\u0153il - Faire, toujours faire... <\/h2>\t\t<\/div>\n\t\t\t\t<\/div>\n\t\t\t\t<div class=\"elementor-element elementor-element-4d6313b elementor-widget elementor-widget-text-editor\" data-id=\"4d6313b\" data-element_type=\"widget\" data-widget_type=\"text-editor.default\">\n\t\t\t\t<div class=\"elementor-widget-container\">\n\t\t\t\t\t\t\t\t<div class=\"elementor-text-editor elementor-clearfix\">\n\t\t\t\t<p>Faire, faire, toujours faire, et ne jamais \u00eatre&#8230;<\/p><p>\u00ab\u00a0Qu\u2019as-tu fait de beau aujourd\u2019hui ?\u00a0\u00bb\u00a0 Entendons-nous souvent\u2026 Mais jamais : \u00ab\u00a0Qui as-tu \u00e9t\u00e9 (de bien) aujourd\u2019hui ?\u00a0\u00bb\u00a0 Sous-entendu : As-tu \u00e9t\u00e9 en harmonie avec toi-m\u00eame ? As-tu \u00e9t\u00e9 en harmonie avec les autres ? \u00c9tais-tu vraiment l\u00e0 o\u00f9 tu pensais \u00eatre ?<\/p><p>Ai-je v\u00e9cu autrement que par le \u00ab\u00a0faire\u00a0\u00bb, sans \u00ab\u00a0\u00eatre\u00a0\u00bb ?<\/p><p>Et si de la r\u00e9ponse \u00e0 cette question d\u00e9pendait ma vie ? Et si trop \u00ab\u00a0faire\u00a0\u00bb emp\u00eachait d&rsquo;\u00eatre, emp\u00eachait de vivre pleinement ?<\/p><p>Je peux \u00e9luder la question, ou m&rsquo;en moquer. Un jour elle se posera vraiment. Et ce jour-l\u00e0 je me dirai peut-\u00eatre : &lt;&lt;J&rsquo;en ai fait des choses dans ma vie ! Mais qu&rsquo;ai-je fait de ma vie ; ai-je vraiment v\u00e9cu ? &gt;&gt;<\/p><p>Et, si \u00e0 Transgardon \u00ab\u00a0exister vraiment\u00a0\u00bb semble plus ais\u00e9, le \u00ab\u00a0faire\u00a0\u00bb n&rsquo;est jamais bien loin. Ici il y a tant \u00e0 \u00ab\u00a0faire\u00a0\u00bb : voil\u00e0 l&rsquo;excuse\u2026<\/p><p>Faire pour oublier d&rsquo;\u00eatre, la tentation est toujours pr\u00e9sente.<\/p><p>Mais tout n&rsquo;est pas perdu : on peut \u00ab\u00a0faire\u00a0\u00bb, faire m\u00eame beaucoup, sans perdre l&rsquo;\u00eatre. En \u00e9tant davantage pr\u00e9sent dans ce que l&rsquo;on fait.<\/p>\t\t\t\t\t<\/div>\n\t\t\t\t\t\t<\/div>\n\t\t\t\t<\/div>\n\t\t\t\t\t\t<\/div>\n\t\t\t\t\t<\/div>\n\t\t<\/div>\n\t\t\t\t\t\t\t\t<\/div>\n\t\t\t\t\t<\/div>\n\t\t<\/section>\n\t\t\t\t<section class=\"elementor-section elementor-top-section elementor-element elementor-element-cbc0a86 elementor-section-boxed elementor-section-height-default elementor-section-height-default\" data-id=\"cbc0a86\" data-element_type=\"section\" data-settings=\"{&quot;jet_parallax_layout_list&quot;:[]}\">\n\t\t\t\t\t\t<div class=\"elementor-container elementor-column-gap-default\">\n\t\t\t\t\t\t\t<div class=\"elementor-row\">\n\t\t\t\t\t<div class=\"elementor-column elementor-col-100 elementor-top-column elementor-element elementor-element-a5f4684\" data-id=\"a5f4684\" data-element_type=\"column\">\n\t\t\t<div class=\"elementor-column-wrap elementor-element-populated\">\n\t\t\t\t\t\t\t<div class=\"elementor-widget-wrap\">\n\t\t\t\t\t\t<div class=\"elementor-element elementor-element-065a24e elementor-view-default elementor-widget elementor-widget-icon\" data-id=\"065a24e\" data-element_type=\"widget\" data-widget_type=\"icon.default\">\n\t\t\t\t<div class=\"elementor-widget-container\">\n\t\t\t\t\t<div class=\"elementor-icon-wrapper\">\n\t\t\t<div class=\"elementor-icon\">\n\t\t\t<i aria-hidden=\"true\" class=\"fas fa-star\"><\/i>\t\t\t<\/div>\n\t\t<\/div>\n\t\t\t\t<\/div>\n\t\t\t\t<\/div>\n\t\t\t\t\t\t<\/div>\n\t\t\t\t\t<\/div>\n\t\t<\/div>\n\t\t\t\t\t\t\t\t<\/div>\n\t\t\t\t\t<\/div>\n\t\t<\/section>\n\t\t\t\t\t\t\t\t\t<\/div>\n\t\t\t<\/div>\n\t\t\t\t\t<\/div>\n\t\t","protected":false},"excerpt":{"rendered":"<p>Clin d\u2019\u0153il &#8211; Faire, toujours faire&#8230; Faire, faire, toujours faire, et ne jamais \u00eatre&#8230; \u00ab\u00a0Qu\u2019as-tu fait de beau aujourd\u2019hui ?\u00a0\u00bb\u00a0 Entendons-nous souvent\u2026 Mais jamais : \u00ab\u00a0Qui as-tu \u00e9t\u00e9 (de bien) aujourd\u2019hui ?\u00a0\u00bb\u00a0 Sous-entendu : As-tu \u00e9t\u00e9 en harmonie avec toi-m\u00eame ? As-tu \u00e9t\u00e9 en harmonie avec les autres ? \u00c9tais-tu vraiment l\u00e0 o\u00f9 tu pensais [&hellip;]<\/p>\n","protected":false},"author":1,"featured_media":0,"parent":0,"menu_order":0,"comment_status":"closed","ping_status":"closed","template":"elementor_header_footer","meta":{"footnotes":""},"class_list":["post-1993","page","type-page","status-publish","hentry"],"_links":{"self":[{"href":"https:\/\/www.transgardon.fr\/WP\/wp-json\/wp\/v2\/pages\/1993","targetHints":{"allow":["GET"]}}],"collection":[{"href":"https:\/\/www.transgardon.fr\/WP\/wp-json\/wp\/v2\/pages"}],"about":[{"href":"https:\/\/www.transgardon.fr\/WP\/wp-json\/wp\/v2\/types\/page"}],"author":[{"embeddable":true,"href":"https:\/\/www.transgardon.fr\/WP\/wp-json\/wp\/v2\/users\/1"}],"replies":[{"embeddable":true,"href":"https:\/\/www.transgardon.fr\/WP\/wp-json\/wp\/v2\/comments?post=1993"}],"version-history":[{"count":51,"href":"https:\/\/www.transgardon.fr\/WP\/wp-json\/wp\/v2\/pages\/1993\/revisions"}],"predecessor-version":[{"id":3700,"href":"https:\/\/www.transgardon.fr\/WP\/wp-json\/wp\/v2\/pages\/1993\/revisions\/3700"}],"wp:attachment":[{"href":"https:\/\/www.transgardon.fr\/WP\/wp-json\/wp\/v2\/media?parent=1993"}],"curies":[{"name":"wp","href":"https:\/\/api.w.org\/{rel}","templated":true}]}}